{"id":3123,"date":"2024-07-12T15:42:27","date_gmt":"2024-07-12T12:42:27","guid":{"rendered":"https:\/\/bank-ua.com\/offers\/?page_id=3123"},"modified":"2024-12-25T10:44:17","modified_gmt":"2024-12-25T08:44:17","slug":"kriptovalyutni-krediti-bez-zastavi","status":"publish","type":"page","link":"https:\/\/bank-ua.com\/offers\/vi\/kriptovalyutni-krediti-bez-zastavi\/","title":{"rendered":"C\u00e1c kho\u1ea3n vay ti\u1ec1n \u0111i\u1ec7n t\u1eed kh\u00f4ng c\u1ea7n th\u1ebf ch\u1ea5p"},"content":{"rendered":"<h2><span style=\"font-weight: 400;\">Kho\u1ea3n vay ti\u1ec1n \u0111i\u1ec7n t\u1eed kh\u00f4ng c\u00f3 b\u1ea3o \u0111\u1ea3m l\u00e0 g\u00ec?<\/span><\/h2>\n<p><span style=\"font-weight: 400;\">Kho\u1ea3n vay ti\u1ec1n \u0111i\u1ec7n t\u1eed kh\u00f4ng c\u00f3 b\u1ea3o \u0111\u1ea3m l\u00e0 m\u1ed9t lo\u1ea1i kho\u1ea3n vay kh\u00f4ng y\u00eau c\u1ea7u ng\u01b0\u1eddi vay nh\u1ea5t thi\u1ebft ph\u1ea3i \u0111\u1ea3m b\u1ea3o s\u1ed1 ti\u1ec1n \u0111\u00e3 vay b\u1eb1ng b\u1ea5t k\u1ef3 t\u00e0i s\u1ea3n k\u1ef9 thu\u1eadt s\u1ed1 ho\u1eb7c t\u00e0i s\u1ea3n th\u1ebf ch\u1ea5p n\u00e0o kh\u00e1c. Kho\u1ea3n vay nh\u01b0 v\u1eady \u0111\u01b0\u1ee3c ph\u00e1t tri\u1ec3n d\u1ef1a tr\u00ean s\u1ef1 tin c\u1eady, danh ti\u1ebfng ho\u1eb7c uy t\u00edn t\u00edn d\u1ee5ng thay v\u00ec cam k\u1ebft b\u1eb1ng ti\u1ec1n \u0111i\u1ec7n t\u1eed. C\u00e1c kho\u1ea3n cho vay kh\u00f4ng c\u00f3 b\u1ea3o \u0111\u1ea3m thu\u1ed9c lo\u1ea1i n\u00e0y l\u00e0 m\u1ed9t cam k\u1ebft mang t\u00ednh kh\u00e1i ni\u1ec7m kh\u00e1 m\u1edbi \u0111\u01b0\u1ee3c th\u1ef1c hi\u1ec7n nh\u1edd nh\u1eefng ti\u1ebfn b\u1ed9 trong c\u1ea3 c\u00f4ng ngh\u1ec7 blockchain v\u00e0 t\u00e0i ch\u00ednh phi t\u1eadp trung (DeFi).<\/span><\/p>\n<p><span style=\"font-weight: 400;\">Kh\u00f4ng gi\u1ed1ng nh\u01b0 c\u00e1c kho\u1ea3n vay truy\u1ec1n th\u1ed1ng c\u00f3 th\u1ec3 y\u00eau c\u1ea7u ki\u1ec3m tra t\u00edn d\u1ee5ng ho\u1eb7c t\u00e0i s\u1ea3n th\u1ebf ch\u1ea5p v\u1eadt ch\u1ea5t, c\u00e1c kho\u1ea3n vay ti\u1ec1n \u0111i\u1ec7n t\u1eed kh\u00f4ng c\u00f3 b\u1ea3o \u0111\u1ea3m ho\u1ea1t \u0111\u1ed9ng tr\u00ean n\u1ec1n t\u1ea3ng phi t\u1eadp trung v\u00e0 s\u1eed d\u1ee5ng h\u1ee3p \u0111\u1ed3ng th\u00f4ng minh. Ng\u01b0\u1eddi vay c\u00f3 quy\u1ec1n truy c\u1eadp v\u00e0o s\u1ed1 ti\u1ec1n \u0111\u00f3 ngay l\u1eadp t\u1ee9c v\u00e0 ngay l\u1eadp t\u1ee9c chuy\u1ec3n \u0111\u1ed5i ch\u00fang th\u00e0nh ti\u1ec1n ph\u00e1p \u0111\u1ecbnh, stablecoin v\u00e0 th\u1eadm ch\u00ed c\u00f3 th\u1ec3 l\u00e0 c\u00e1c lo\u1ea1i ti\u1ec1n \u0111i\u1ec7n t\u1eed kh\u00e1c m\u00e0 kh\u00f4ng y\u00eau c\u1ea7u t\u00e0i s\u1ea3n k\u1ef9 thu\u1eadt s\u1ed1 c\u1ee7a h\u1ecd b\u1ecb r\u00e0ng bu\u1ed9c.<\/span><\/p>\n<p><span style=\"font-weight: 400;\">D\u01b0\u1edbi \u0111\u00e2y l\u00e0 m\u1ed9t s\u1ed1 kh\u00eda c\u1ea1nh ch\u00ednh quan tr\u1ecdng c\u1ee7a c\u00e1c kho\u1ea3n cho vay ti\u1ec1n \u0111i\u1ec7n t\u1eed kh\u00f4ng c\u00f3 b\u1ea3o \u0111\u1ea3m:<\/span><\/p>\n<ul>\n<li style=\"font-weight: 400;\" aria-level=\"1\"><span style=\"font-weight: 400;\">Kh\u00f4ng c\u00f3 t\u00e0i s\u1ea3n th\u1ebf ch\u1ea5p: Ng\u01b0\u1eddi \u0111i vay sau \u0111\u00f3 kh\u00f4ng b\u1eaft bu\u1ed9c ph\u1ea3i kh\u00f3a b\u1ea5t k\u1ef3 \u0111\u1ed3ng ti\u1ec1n \u0111i\u1ec7n t\u1eed n\u00e0o c\u1ee7a h\u1ecd.<\/span><\/li>\n<li style=\"font-weight: 400;\" aria-level=\"1\"><span style=\"font-weight: 400;\">R\u1ee7i ro cao h\u01a1n \u0111\u1ed1i v\u1edbi ng\u01b0\u1eddi cho vay: L\u00e3i su\u1ea5t c\u1ee7a c\u00e1c kho\u1ea3n vay n\u00e0y cao h\u01a1n nhi\u1ec1u v\u00ec ch\u00fang s\u1ebd ph\u1ea3i b\u00f9 \u0111\u1eafp cho vi\u1ec7c thi\u1ebfu t\u00e0i s\u1ea3n th\u1ebf ch\u1ea5p.<\/span><\/li>\n<li style=\"font-weight: 400;\" aria-level=\"1\"><span style=\"font-weight: 400;\">Y\u00eau c\u1ea7u c\u01a1 ch\u1ebf d\u1ef1a tr\u00ean ni\u1ec1m tin: Ng\u01b0\u1eddi \u0111i vay s\u1ebd ph\u1ea3i \u0111o l\u01b0\u1eddng \u0111\u1ed9 tin c\u1eady c\u1ee7a h\u1ecd theo c\u00e1c gi\u1edbi h\u1ea1n n\u00e0y b\u1eb1ng \u0111i\u1ec3m t\u00edn d\u1ee5ng, h\u1ec7 th\u1ed1ng danh ti\u1ebfng ho\u1eb7c \u0111\u1eb7t c\u01b0\u1ee3c m\u00e3 th\u00f4ng b\u00e1o n\u1ec1n t\u1ea3ng.<\/span><\/li>\n<li style=\"font-weight: 400;\" aria-level=\"1\"><span style=\"font-weight: 400;\">S\u1eed d\u1ee5ng qu\u1ef9 linh ho\u1ea1t: Ng\u01b0\u1eddi vay c\u00f3 th\u1ec3 s\u1eed d\u1ee5ng qu\u1ef9 \u0111\u1ec3 \u0111\u1ea7u t\u01b0, giao d\u1ecbch ho\u1eb7c s\u1eed d\u1ee5ng c\u00e1 nh\u00e2n.<\/span><\/li>\n<\/ul>\n<h2><span style=\"font-weight: 400;\">Ai c\u00f3 th\u1ec3 nh\u1eadn kho\u1ea3n vay ti\u1ec1n \u0111i\u1ec7n t\u1eed kh\u00f4ng c\u00f3 b\u1ea3o \u0111\u1ea3m?<\/span><\/h2>\n<p><span style=\"font-weight: 400;\">Th\u00f4ng th\u01b0\u1eddng, c\u00e1c kho\u1ea3n vay ti\u1ec1n \u0111i\u1ec7n t\u1eed kh\u00f4ng c\u00f3 b\u1ea3o \u0111\u1ea3m \u0111\u01b0\u1ee3c cung c\u1ea5p cho c\u00e1c c\u00e1 nh\u00e2n v\u00e0 t\u1ed5 ch\u1ee9c \u0111\u00e1p \u1ee9ng c\u00e1c ti\u00eau ch\u00ed n\u1ec1n t\u1ea3ng cho vay c\u1ee5 th\u1ec3. C\u00e1c ti\u00eau ch\u00ed \u0111i\u1ec3n h\u00ecnh bao g\u1ed3m:<\/span><\/p>\n<ol>\n<li style=\"font-weight: 400;\" aria-level=\"1\"><span style=\"font-weight: 400;\">Danh t\u00ednh \u0111\u00e3 \u0111\u01b0\u1ee3c x\u00e1c minh: M\u1ed9t s\u1ed1 n\u1ec1n t\u1ea3ng y\u00eau c\u1ea7u ng\u01b0\u1eddi d\u00f9ng ph\u1ea3i th\u1ef1c hi\u1ec7n y\u00eau c\u1ea7u Bi\u1ebft kh\u00e1ch h\u00e0ng c\u1ee7a b\u1ea1n (KYC).<\/span><\/li>\n<li style=\"font-weight: 400;\" aria-level=\"1\"><span style=\"font-weight: 400;\">Danh ti\u1ebfng ho\u1eb7c \u0110\u1ed9 tin c\u1eady: N\u1ec1n t\u1ea3ng c\u00f3 th\u1ec3 xem x\u00e9t l\u1ecbch s\u1eed vay tr\u01b0\u1edbc \u0111\u00f3 ho\u1eb7c \u0111\u00e1nh gi\u00e1 danh ti\u1ebfng c\u1ee7a c\u1ed9ng \u0111\u1ed3ng; \u0111i\u1ec3m t\u00edn d\u1ee5ng c\u0169ng c\u00f3 th\u1ec3 \u0111\u01b0\u1ee3c xem x\u00e9t.<\/span><\/li>\n<li style=\"font-weight: 400;\" aria-level=\"1\"><span style=\"font-weight: 400;\">Tham gia t\u00edch c\u1ef1c tr\u00ean n\u1ec1n t\u1ea3ng: Ng\u01b0\u1eddi vay th\u01b0\u1eddng c\u1ea7n n\u1eafm gi\u1eef ho\u1eb7c \u0111\u1eb7t c\u1ecdc c\u00e1c m\u00e3 th\u00f4ng b\u00e1o d\u00e0nh ri\u00eang cho n\u1ec1n t\u1ea3ng \u0111\u1ec3 \u0111\u1ee7 \u0111i\u1ec1u ki\u1ec7n.\u00a0<\/span><\/li>\n<\/ol>\n<p><span style=\"font-weight: 400;\">C\u00e1c kho\u1ea3n vay n\u00e0y kh\u00e1 ph\u1ed5 bi\u1ebfn v\u00ec l\u00fd do ch\u00fang kh\u00f4ng \u0111\u01b0\u1ee3c b\u1ea3o \u0111\u1ea3m, t\u1ee9c l\u00e0 kh\u00f4ng cung c\u1ea5p t\u00e0i s\u1ea3n th\u1ebf ch\u1ea5p v\u00e0 kh\u00f4ng s\u1eb5n s\u00e0ng cung c\u1ea5p t\u00e0i s\u1ea3n k\u1ef9 thu\u1eadt s\u1ed1 c\u1ee7a h\u1ecd l\u00e0m t\u00e0i s\u1ea3n th\u1ebf ch\u1ea5p ho\u1eb7c c\u00f3 r\u1ea5t \u00edt ti\u1ec1n \u0111i\u1ec7n t\u1eed l\u00e0m t\u00e0i s\u1ea3n n\u1eafm gi\u1eef.<\/span><\/p>\n<h2><span style=\"font-weight: 400;\">B\u1ea1n c\u00f3 th\u1ec3 nh\u1eadn kho\u1ea3n vay ti\u1ec1n \u0111i\u1ec7n t\u1eed kh\u00f4ng c\u00f3 b\u1ea3o \u0111\u1ea3m m\u00e0 kh\u00f4ng c\u1ea7n \u0111\u0103ng k\u00fd tr\u00ean n\u1ec1n t\u1ea3ng kh\u00f4ng?<\/span><\/h2>\n<p><span style=\"font-weight: 400;\">Kh\u00f3 c\u00f3 th\u1ec3 c\u00f3 \u0111\u01b0\u1ee3c c\u00e1c kho\u1ea3n vay ti\u1ec1n \u0111i\u1ec7n t\u1eed c\u00f3 b\u1ea3o \u0111\u1ea3m n\u1ebfu kh\u00f4ng \u0111\u0103ng k\u00fd tr\u00ean n\u1ec1n t\u1ea3ng. H\u1ea7u h\u1ebft c\u00e1c n\u1ec1n t\u1ea3ng \u0111\u1ec1u y\u00eau c\u1ea7u ng\u01b0\u1eddi d\u00f9ng m\u1edf t\u00e0i kho\u1ea3n v\u00e0 trong nhi\u1ec1u tr\u01b0\u1eddng h\u1ee3p, ho\u00e0n t\u1ea5t x\u00e1c minh danh t\u00ednh nh\u01b0 m\u1ed9t n\u1ed7 l\u1ef1c nh\u1eb1m \u0111\u1ea3m b\u1ea3o t\u00ednh b\u1ea3o m\u1eadt v\u00e0 tu\u00e2n th\u1ee7. Tuy nhi\u00ean, trong h\u1ec7 sinh th\u00e1i t\u00e0i ch\u00ednh phi t\u1eadp trung (DeFi), c\u00f3 nh\u1eefng n\u1ec1n t\u1ea3ng s\u1eed d\u1ee5ng t\u01b0\u01a1ng t\u00e1c d\u1ef1a tr\u00ean v\u00ed, do \u0111\u00f3 cho ph\u00e9p ng\u01b0\u1eddi d\u00f9ng vay ti\u1ec1n v\u1edbi \u00edt th\u00f4ng tin c\u00e1 nh\u00e2n h\u01a1n, m\u1eb7c d\u00f9 \u0111i\u1ec1u n\u00e0y kh\u00f4ng ph\u1ed5 bi\u1ebfn \u0111\u1ed1i v\u1edbi c\u00e1c kho\u1ea3n vay kh\u00f4ng c\u00f3 b\u1ea3o \u0111\u1ea3m.<\/span><\/p>\n<h2><span style=\"font-weight: 400;\">B\u1ea1n c\u1ea7n g\u00ec cho kho\u1ea3n vay ti\u1ec1n \u0111i\u1ec7n t\u1eed kh\u00f4ng c\u00f3 b\u1ea3o \u0111\u1ea3m?<\/span><\/h2>\n<p><span style=\"font-weight: 400;\">Nh\u1eefng \u0111i\u1ec1u sau \u0111\u00e2y c\u00f3 th\u1ec3 h\u1eefu \u00edch khi \u0111\u0103ng k\u00fd kho\u1ea3n vay ti\u1ec1n \u0111i\u1ec7n t\u1eed kh\u00f4ng c\u00f3 b\u1ea3o \u0111\u1ea3m:<\/span><\/p>\n<ul>\n<li style=\"font-weight: 400;\" aria-level=\"1\"><span style=\"font-weight: 400;\">\u0110\u0103ng k\u00fd n\u1ec1n t\u1ea3ng: T\u1ea1o t\u00e0i kho\u1ea3n ho\u1eb7c li\u00ean k\u1ebft v\u00ed ti\u1ec1n \u0111i\u1ec7n t\u1eed tr\u00ean n\u1ec1n t\u1ea3ng \u0111\u00e3 ch\u1ecdn.<\/span><\/li>\n<li style=\"font-weight: 400;\" aria-level=\"1\"><span style=\"font-weight: 400;\">X\u00e1c th\u1ef1c danh t\u00ednh: H\u1ea7u h\u1ebft \u0111\u1ec1u ho\u00e0n th\u00e0nh c\u00e1c y\u00eau c\u1ea7u KYC.<\/span><\/li>\n<li style=\"font-weight: 400;\" aria-level=\"1\"><span style=\"font-weight: 400;\">B\u1eb1ng ch\u1ee9ng v\u1ec1 m\u1ee9c \u0111\u1ed9 tin c\u1eady: Cung c\u1ea5p m\u1ecdi th\u00f4ng tin c\u1ea7n thi\u1ebft v\u1ec1 \u0111i\u1ec3m t\u00edn d\u1ee5ng, danh ti\u1ebfng ho\u1eb7c ho\u1ea1t \u0111\u1ed9ng \u0111\u1eb7t c\u01b0\u1ee3c. V\u00ed t\u01b0\u01a1ng th\u00edch: Ng\u01b0\u1eddi ta ph\u1ea3i c\u00f3 v\u00ed \u0111\u1ec3 nh\u1eadn ti\u1ec1n.<\/span><\/li>\n<\/ul>\n","protected":false},"excerpt":{"rendered":"<p>Kho\u1ea3n vay ti\u1ec1n \u0111i\u1ec7n t\u1eed kh\u00f4ng c\u00f3 b\u1ea3o \u0111\u1ea3m l\u00e0 g\u00ec? Kho\u1ea3n vay ti\u1ec1n \u0111i\u1ec7n t\u1eed kh\u00f4ng c\u00f3 b\u1ea3o \u0111\u1ea3m l\u00e0 m\u1ed9t lo\u1ea1i kho\u1ea3n vay kh\u00f4ng y\u00eau c\u1ea7u ng\u01b0\u1eddi vay nh\u1ea5t thi\u1ebft ph\u1ea3i \u0111\u1ea3m b\u1ea3o s\u1ed1 ti\u1ec1n \u0111\u00e3 vay b\u1eb1ng b\u1ea5t k\u1ef3 t\u00e0i s\u1ea3n k\u1ef9 thu\u1eadt s\u1ed1 ho\u1eb7c t\u00e0i s\u1ea3n th\u1ebf ch\u1ea5p n\u00e0o kh\u00e1c. Kho\u1ea3n [&hellip;]<\/p>\n","protected":false},"author":1,"featured_media":0,"parent":0,"menu_order":0,"comment_status":"closed","ping_status":"closed","template":"home-page.php","meta":{"footnotes":""},"aioseo_notices":[],"_links":{"self":[{"href":"https:\/\/bank-ua.com\/offers\/vi\/wp-json\/wp\/v2\/pages\/3123"}],"collection":[{"href":"https:\/\/bank-ua.com\/offers\/vi\/wp-json\/wp\/v2\/pages"}],"about":[{"href":"https:\/\/bank-ua.com\/offers\/vi\/wp-json\/wp\/v2\/types\/page"}],"author":[{"embeddable":true,"href":"https:\/\/bank-ua.com\/offers\/vi\/wp-json\/wp\/v2\/users\/1"}],"replies":[{"embeddable":true,"href":"https:\/\/bank-ua.com\/offers\/vi\/wp-json\/wp\/v2\/comments?post=3123"}],"version-history":[{"count":10,"href":"https:\/\/bank-ua.com\/offers\/vi\/wp-json\/wp\/v2\/pages\/3123\/revisions"}],"predecessor-version":[{"id":4463,"href":"https:\/\/bank-ua.com\/offers\/vi\/wp-json\/wp\/v2\/pages\/3123\/revisions\/4463"}],"wp:attachment":[{"href":"https:\/\/bank-ua.com\/offers\/vi\/wp-json\/wp\/v2\/media?parent=3123"}],"curies":[{"name":"wp","href":"https:\/\/api.w.org\/{rel}","templated":true}]}}